{"id":129,"date":"2020-01-25T13:56:03","date_gmt":"2020-01-25T13:56:03","guid":{"rendered":"http:\/\/viktoriabalon.net\/?page_id=129"},"modified":"2025-10-21T15:38:08","modified_gmt":"2025-10-21T15:38:08","slug":"sendungen-und-artikel","status":"publish","type":"page","link":"https:\/\/viktoriabalon.net\/?page_id=129","title":{"rendered":"Sendungen und Artikel"},"content":{"rendered":"<p><!--StartFragment--><\/p>\n\n\n<h2 class=\"wp-block-heading\"> <strong>Ausgew\u00e4hlte Sendungen und Artikel<\/strong><\/h2>\n\n\n\n<p> Bitte beachten Sie: Die Manuskripte sind ausschlie\u00dflich zum pers\u00f6nlichen, privaten Gebrauch bestimmt. Jede weitere Vervielf\u00e4ltigung und Verbreitung bedarf der ausdr\u00fccklichen Genehmigung der Autorin bzw. des ARD<\/p>\n\n\n\n<p><a href=\"https:\/\/katapult-ukraine.com\/autoren\/viktoria-balon\">https:\/\/katapult-ukraine.com\/autoren\/viktoria-balon<\/a><\/p>\n\n\n\n<p><strong>Radioreportage\n<\/strong>\n<\/p>\n\n\n\n<p>\u201eStimm\nmit dem Kopf ab!\u201c  MACHETE \u2013 Das Dschungel-Magazin.\nFreitag, 17.03.2006, SWR 2.<\/p>\n\n\n\n<p>\u201eDie\nUkraine und das Erbe der Orangen Revolution\u201c Kontext,\nDonnerstag, 23.03.2006, DRS 2.<\/p>\n\n\n\n<p>\u201eRassismus\nin Russland: Anja und Sid versuchen mit Mediaprojekten den Horizont\nihrer Landleute zu erweitern\u201c  MACHETE \u2013 Das Dschungel-Magazin.\n13.10.06<\/p>\n\n\n\n<p>\n\u201eLenin? Wer ist das?\u201c SWR\nDokublog 2010<\/p>\n\n\n\n<p><a href=\"https:\/\/www.xn--untergrund-blttle-2qb.ch\/audio\/529849\/umfrage-der-rostoker-zu-den-g-8-protesten.html\">\u201eG8-Gipfel in Heiligendamm. Strassenumfrage in Rostock zu den Protesten\u201c  2008.<\/a> <\/p>\n\n\n\n<p><\/p>\n\n\n\n<p><strong>Weitere\nSendungen:<\/strong><\/p>\n\n\n\n<p><a href=\"https:\/\/www.freie-radios.net\/portal\/suche.php?such=true&amp;fast=1&amp;end_monat=10&amp;end_jahr=2025&amp;ssu=1&amp;query=Viktoria+Balon\">https:\/\/www.freie-radios.net\/portal\/suche.php?such=true&amp;fast=1&amp;end_monat=10&amp;end_jahr=2025&amp;ssu=1&amp;query=Viktoria+Balon<\/a><\/p>\n\n\n\n<p><a href=\"https:\/\/rdl.de\/beitrag\/ech-oida-deutsch-15062023\">https:\/\/rdl.de\/beitrag\/ech-oida-deutsch-15062023<\/a><\/p>\n\n\n\n<p><a href=\"https:\/\/rdl.de\/beitrag\/kinder-der-landstra-e-der-kinderraub-den-jenischen\">https:\/\/rdl.de\/beitrag\/kinder-der-landstra-e-der-kinderraub-den-jenischen<\/a><\/p>\n\n\n\n<p><a href=\"https:\/\/www.freie-radios.net\/79818\">https:\/\/www.freie-radios.net\/79818<\/a><\/p>\n\n\n\n<p><\/p>\n\n\n\n<p><a href=\"https:\/\/rdl.de\/beitrag\/das-leben-unter-dem-eisernen-tannenbaum-ukraine-zwischen-der-eu-und-russland\">https:\/\/rdl.de\/beitrag\/das-leben-unter-dem-eisernen-tannenbaum-ukraine-zwischen-der-eu-und-russland<\/a><\/p>\n\n\n\n<p><a href=\"https:\/\/www.freie-radios.net\/36195\">https:\/\/www.freie-radios.net\/36195<\/a><\/p>\n\n\n\n<p><strong>Artikel\t\t\t\t\t\t\t\t\t\t<\/strong><\/p>\n\n\n\n<p><a href=\"https:\/\/taz.de\/!s=&amp;Autor=VIKTORIA+BALON\/\">Interview mit Juri Andruchowytsch (Deutsch)<\/a><\/p>\n\n\n\n<p><a href=\"https:\/\/inosmi.ru\/world\/20041119\/214779.html\">Interview mit Juri Andruchowytsch (Russisch)<\/a> <\/p>\n\n\n<p><!--EndFragment--><\/p>\n\n\n<p><\/p>\n","protected":false},"excerpt":{"rendered":"<p>Ausgew\u00e4hlte Sendungen und Artikel Bitte beachten Sie: Die Manuskripte sind ausschlie\u00dflich zum pers\u00f6nlichen, privaten Gebrauch bestimmt. Jede weitere Vervielf\u00e4ltigung und Verbreitung bedarf der ausdr\u00fccklichen Genehmigung der Autorin bzw. des ARD https:\/\/katapult-ukraine.com\/autoren\/viktoria-balon Radioreportage \u201eStimm mit dem Kopf ab!\u201c MACHETE \u2013 Das<\/p>\n","protected":false},"author":1,"featured_media":0,"parent":0,"menu_order":0,"comment_status":"closed","ping_status":"closed","template":"","meta":{"footnotes":""},"class_list":["post-129","page","type-page","status-publish","hentry"],"_links":{"self":[{"href":"https:\/\/viktoriabalon.net\/index.php?rest_route=\/wp\/v2\/pages\/129","targetHints":{"allow":["GET"]}}],"collection":[{"href":"https:\/\/viktoriabalon.net\/index.php?rest_route=\/wp\/v2\/pages"}],"about":[{"href":"https:\/\/viktoriabalon.net\/index.php?rest_route=\/wp\/v2\/types\/page"}],"author":[{"embeddable":true,"href":"https:\/\/viktoriabalon.net\/index.php?rest_route=\/wp\/v2\/users\/1"}],"replies":[{"embeddable":true,"href":"https:\/\/viktoriabalon.net\/index.php?rest_route=%2Fwp%2Fv2%2Fcomments&post=129"}],"version-history":[{"count":14,"href":"https:\/\/viktoriabalon.net\/index.php?rest_route=\/wp\/v2\/pages\/129\/revisions"}],"predecessor-version":[{"id":183,"href":"https:\/\/viktoriabalon.net\/index.php?rest_route=\/wp\/v2\/pages\/129\/revisions\/183"}],"wp:attachment":[{"href":"https:\/\/viktoriabalon.net\/index.php?rest_route=%2Fwp%2Fv2%2Fmedia&parent=129"}],"curies":[{"name":"wp","href":"https:\/\/api.w.org\/{rel}","templated":true}]}}